{"id":18,"date":"2024-04-29T13:33:42","date_gmt":"2024-04-29T13:33:42","guid":{"rendered":"https:\/\/lanzarotehomescreations.com\/?page_id=18"},"modified":"2024-04-29T15:39:04","modified_gmt":"2024-04-29T15:39:04","slug":"inicio","status":"publish","type":"page","link":"https:\/\/lanzarotehomescreations.com\/","title":{"rendered":"Lanzarote Home Creations"},"content":{"rendered":"\n<div class=\"wp-block-cover alignfull\" style=\"min-height:503px;aspect-ratio:unset;\"><span aria-hidden=\"true\" class=\"wp-block-cover__background has-ast-global-color-0-background-color has-background-dim-100 has-background-dim\"><\/span><div class=\"wp-block-cover__inner-container is-layout-flow wp-block-cover-is-layout-flow\">\n<div class=\"inherit-container-width wp-block-group alignwide is-layout-constrained wp-block-group-is-layout-constrained\">\n<div class=\"wp-block-media-text alignwide has-media-on-the-right is-stacked-on-mobile is-vertically-aligned-center\" style=\"grid-template-columns:auto 45%\"><div class=\"wp-block-media-text__content\">\n<h1 class=\"wp-block-heading has-text-align-left has-white-color has-text-color\">Sue\u00f1a tu reforma con nosotros<\/h1>\n\n\n\n<p>Somos tus especialistas en rehabilitaci\u00f3n, mantenimiento y renovaci\u00f3n<\/p>\n\n\n\n<div class=\"wp-block-buttons is-layout-flex wp-block-buttons-is-layout-flex\"><\/div>\n<\/div><figure class=\"wp-block-media-text__media\"><img loading=\"lazy\" decoding=\"async\" width=\"1024\" height=\"684\" src=\"http:\/\/lanzarotehomescreations.com\/wp-content\/uploads\/2024\/04\/pexels-kseniachernaya-5691471-1024x684.jpg\" alt=\"\" class=\"wp-image-36 size-full\" srcset=\"https:\/\/lanzarotehomescreations.com\/wp-content\/uploads\/2024\/04\/pexels-kseniachernaya-5691471-1024x684.jpg 1024w, https:\/\/lanzarotehomescreations.com\/wp-content\/uploads\/2024\/04\/pexels-kseniachernaya-5691471-300x200.jpg 300w, https:\/\/lanzarotehomescreations.com\/wp-content\/uploads\/2024\/04\/pexels-kseniachernaya-5691471-768x513.jpg 768w, https:\/\/lanzarotehomescreations.com\/wp-content\/uploads\/2024\/04\/pexels-kseniachernaya-5691471-1536x1025.jpg 1536w, https:\/\/lanzarotehomescreations.com\/wp-content\/uploads\/2024\/04\/pexels-kseniachernaya-5691471-2048x1367.jpg 2048w\" sizes=\"auto, (max-width: 1024px) 100vw, 1024px\" \/><\/figure><\/div>\n<\/div>\n<\/div><\/div>\n\n\n\n<div class=\"wp-block-group alignfull is-layout-constrained wp-container-core-group-is-layout-45b0ac4f wp-block-group-is-layout-constrained\" id=\"services\" style=\"padding-top:144px;padding-bottom:0px\">\n<h2 class=\"wp-block-heading\">Nuestros servicios<\/h2>\n\n\n\n<div class=\"wp-block-columns is-layout-flex wp-container-core-columns-is-layout-60cbf9bb wp-block-columns-is-layout-flex\" style=\"margin-top:50px\">\n<div class=\"wp-block-column is-layout-flow wp-container-core-column-is-layout-6b73ce23 wp-block-column-is-layout-flow\">\n<figure class=\"wp-block-image size-full\"><img loading=\"lazy\" decoding=\"async\" width=\"1709\" height=\"2560\" src=\"http:\/\/lanzarotehomescreations.com\/wp-content\/uploads\/2024\/04\/pexels-pavel-danilyuk-7937323-scaled.jpg\" alt=\"\" class=\"wp-image-37\" srcset=\"https:\/\/lanzarotehomescreations.com\/wp-content\/uploads\/2024\/04\/pexels-pavel-danilyuk-7937323-scaled.jpg 1709w, https:\/\/lanzarotehomescreations.com\/wp-content\/uploads\/2024\/04\/pexels-pavel-danilyuk-7937323-200x300.jpg 200w, https:\/\/lanzarotehomescreations.com\/wp-content\/uploads\/2024\/04\/pexels-pavel-danilyuk-7937323-684x1024.jpg 684w, https:\/\/lanzarotehomescreations.com\/wp-content\/uploads\/2024\/04\/pexels-pavel-danilyuk-7937323-768x1151.jpg 768w, https:\/\/lanzarotehomescreations.com\/wp-content\/uploads\/2024\/04\/pexels-pavel-danilyuk-7937323-1025x1536.jpg 1025w, https:\/\/lanzarotehomescreations.com\/wp-content\/uploads\/2024\/04\/pexels-pavel-danilyuk-7937323-1367x2048.jpg 1367w\" sizes=\"auto, (max-width: 1709px) 100vw, 1709px\" \/><\/figure>\n\n\n\n<h4 class=\"wp-block-heading\" style=\"margin-top:16px\">Reformas<\/h4>\n\n\n\n<p>Plantemos tu presupuesto seg\u00fan tus necesidades y sin compromiso.<\/p>\n\n\n\n<p>Trabajamos con los profesionales m\u00e1s cualificados para encargarnos de todo el proceso, desde el planteamiento del proyecto hasta el final.<\/p>\n\n\n\n<p>Llevamos a cabo cualquier tipo de reforma: viviendas, locales, oficinas\u2026<\/p>\n<\/div>\n\n\n\n<div class=\"wp-block-column is-layout-flow wp-container-core-column-is-layout-6b73ce23 wp-block-column-is-layout-flow\">\n<figure class=\"wp-block-image size-full\"><img loading=\"lazy\" decoding=\"async\" width=\"1709\" height=\"2560\" src=\"http:\/\/lanzarotehomescreations.com\/wp-content\/uploads\/2024\/04\/pexels-anete-lusina-4792525-scaled.jpg\" alt=\"\" class=\"wp-image-38\" srcset=\"https:\/\/lanzarotehomescreations.com\/wp-content\/uploads\/2024\/04\/pexels-anete-lusina-4792525-scaled.jpg 1709w, https:\/\/lanzarotehomescreations.com\/wp-content\/uploads\/2024\/04\/pexels-anete-lusina-4792525-200x300.jpg 200w, https:\/\/lanzarotehomescreations.com\/wp-content\/uploads\/2024\/04\/pexels-anete-lusina-4792525-684x1024.jpg 684w, https:\/\/lanzarotehomescreations.com\/wp-content\/uploads\/2024\/04\/pexels-anete-lusina-4792525-768x1150.jpg 768w, https:\/\/lanzarotehomescreations.com\/wp-content\/uploads\/2024\/04\/pexels-anete-lusina-4792525-1025x1536.jpg 1025w, https:\/\/lanzarotehomescreations.com\/wp-content\/uploads\/2024\/04\/pexels-anete-lusina-4792525-1367x2048.jpg 1367w\" sizes=\"auto, (max-width: 1709px) 100vw, 1709px\" \/><\/figure>\n\n\n\n<h4 class=\"wp-block-heading\" style=\"margin-top:16px\">Mantenimiento<\/h4>\n\n\n\n<p>Te ofrecemos la posibilidad de llevar el mantenimiento continuado de tu edificio o vivienda. Desde la climatizaci\u00f3n, mantenimiento de piscina o jard\u00edn, hasta el cambio de puertas o la colocaci\u00f3n de un cuadro.\u00a0<\/p>\n\n\n\n<p>Con este servicio, estar\u00e1s al corriente del estado de todas las&nbsp; instalaciones, evitando un gasto mayor por graves aver\u00edas.<\/p>\n<\/div>\n\n\n\n<div class=\"wp-block-column is-layout-flow wp-container-core-column-is-layout-6b73ce23 wp-block-column-is-layout-flow\">\n<figure class=\"wp-block-image size-full\"><img loading=\"lazy\" decoding=\"async\" width=\"1707\" height=\"2560\" src=\"http:\/\/lanzarotehomescreations.com\/wp-content\/uploads\/2024\/04\/pexels-charlotte-may-5825567-scaled.jpg\" alt=\"\" class=\"wp-image-39\" srcset=\"https:\/\/lanzarotehomescreations.com\/wp-content\/uploads\/2024\/04\/pexels-charlotte-may-5825567-scaled.jpg 1707w, https:\/\/lanzarotehomescreations.com\/wp-content\/uploads\/2024\/04\/pexels-charlotte-may-5825567-200x300.jpg 200w, https:\/\/lanzarotehomescreations.com\/wp-content\/uploads\/2024\/04\/pexels-charlotte-may-5825567-683x1024.jpg 683w, https:\/\/lanzarotehomescreations.com\/wp-content\/uploads\/2024\/04\/pexels-charlotte-may-5825567-768x1152.jpg 768w, https:\/\/lanzarotehomescreations.com\/wp-content\/uploads\/2024\/04\/pexels-charlotte-may-5825567-1024x1536.jpg 1024w, https:\/\/lanzarotehomescreations.com\/wp-content\/uploads\/2024\/04\/pexels-charlotte-may-5825567-1365x2048.jpg 1365w\" sizes=\"auto, (max-width: 1707px) 100vw, 1707px\" \/><\/figure>\n\n\n\n<h4 class=\"wp-block-heading\" style=\"margin-top:16px\">Reforma &amp; Mantenimiento<\/h4>\n\n\n\n<p>Empezamos tu reforma contigo y nos comprometemos a realizar el manteniemiento para que siga como el primer d\u00eda.<\/p>\n\n\n\n<p>Queremos acompa\u00f1arte en la reforma para tu nuevo negocio o casa, desde el primer d\u00eda y afianzando el \u00e9xito en cada paso.<\/p>\n<\/div>\n<\/div>\n<\/div>\n\n\n\n<div class=\"wp-block-group has-ast-global-color-5-background-color has-background is-layout-constrained wp-container-core-group-is-layout-9cedb757 wp-block-group-is-layout-constrained\" style=\"padding-bottom:0px\">\n<div id=\"about\" class=\"wp-block-group has-ast-global-color-5-background-color has-background is-layout-constrained wp-container-core-group-is-layout-94d206d0 wp-block-group-is-layout-constrained\" style=\"padding-top:143px;padding-bottom:144px\">\n<div class=\"wp-block-media-text has-media-on-the-right is-stacked-on-mobile is-vertically-aligned-center\"><div class=\"wp-block-media-text__content\">\n<div class=\"inherit-container-width wp-block-group is-layout-constrained wp-container-core-group-is-layout-47ce07ec wp-block-group-is-layout-constrained\" style=\"padding-right:80px\">\n<h2 class=\"wp-block-heading\" style=\"padding-right:40px\">Servicio completo<\/h2>\n\n\n\n<ul class=\"wp-block-list\">\n<li>Presupuesto sin compromiso<\/li>\n\n\n\n<li>Ideas creativas<\/li>\n\n\n\n<li>Interiorismo y decoraci\u00f3n<\/li>\n\n\n\n<li>Control de calidad<\/li>\n\n\n\n<li>Garant\u00eda de buena ejecuci\u00f3n<\/li>\n\n\n\n<li>Servicio de mantenimiento<\/li>\n<\/ul>\n<\/div>\n<\/div><figure class=\"wp-block-media-text__media\"><img loading=\"lazy\" decoding=\"async\" width=\"1024\" height=\"684\" src=\"http:\/\/lanzarotehomescreations.com\/wp-content\/uploads\/2024\/04\/pexels-kseniachernaya-5691518-1024x684.jpg\" alt=\"\" class=\"wp-image-44 size-full\" srcset=\"https:\/\/lanzarotehomescreations.com\/wp-content\/uploads\/2024\/04\/pexels-kseniachernaya-5691518-1024x684.jpg 1024w, https:\/\/lanzarotehomescreations.com\/wp-content\/uploads\/2024\/04\/pexels-kseniachernaya-5691518-300x200.jpg 300w, https:\/\/lanzarotehomescreations.com\/wp-content\/uploads\/2024\/04\/pexels-kseniachernaya-5691518-768x513.jpg 768w, https:\/\/lanzarotehomescreations.com\/wp-content\/uploads\/2024\/04\/pexels-kseniachernaya-5691518-1536x1025.jpg 1536w, https:\/\/lanzarotehomescreations.com\/wp-content\/uploads\/2024\/04\/pexels-kseniachernaya-5691518-2048x1367.jpg 2048w\" sizes=\"auto, (max-width: 1024px) 100vw, 1024px\" \/><\/figure><\/div>\n<\/div>\n<\/div>\n\n\n\n<h2 class=\"wp-block-heading has-text-align-center\">Nuestros clientes<\/h2>\n\n\n\n<figure class=\"wp-block-gallery has-nested-images columns-default is-cropped wp-block-gallery-1 is-layout-flex wp-block-gallery-is-layout-flex\">\n<figure class=\"wp-block-image size-large\"><img loading=\"lazy\" decoding=\"async\" width=\"1024\" height=\"536\" data-id=\"70\" src=\"https:\/\/lanzarotehomescreations.com\/wp-content\/uploads\/2024\/04\/1-3-1024x536.png\" alt=\"\" class=\"wp-image-70\" srcset=\"https:\/\/lanzarotehomescreations.com\/wp-content\/uploads\/2024\/04\/1-3-1024x536.png 1024w, https:\/\/lanzarotehomescreations.com\/wp-content\/uploads\/2024\/04\/1-3-300x157.png 300w, https:\/\/lanzarotehomescreations.com\/wp-content\/uploads\/2024\/04\/1-3-768x402.png 768w, https:\/\/lanzarotehomescreations.com\/wp-content\/uploads\/2024\/04\/1-3.png 1200w\" sizes=\"auto, (max-width: 1024px) 100vw, 1024px\" \/><\/figure>\n\n\n\n<figure class=\"wp-block-image size-large\"><img loading=\"lazy\" decoding=\"async\" width=\"1024\" height=\"536\" data-id=\"69\" src=\"https:\/\/lanzarotehomescreations.com\/wp-content\/uploads\/2024\/04\/2-2-1024x536.png\" alt=\"\" class=\"wp-image-69\" srcset=\"https:\/\/lanzarotehomescreations.com\/wp-content\/uploads\/2024\/04\/2-2-1024x536.png 1024w, https:\/\/lanzarotehomescreations.com\/wp-content\/uploads\/2024\/04\/2-2-300x157.png 300w, https:\/\/lanzarotehomescreations.com\/wp-content\/uploads\/2024\/04\/2-2-768x402.png 768w, https:\/\/lanzarotehomescreations.com\/wp-content\/uploads\/2024\/04\/2-2.png 1200w\" sizes=\"auto, (max-width: 1024px) 100vw, 1024px\" \/><\/figure>\n\n\n\n<figure class=\"wp-block-image size-large\"><img loading=\"lazy\" decoding=\"async\" width=\"1024\" height=\"536\" data-id=\"68\" src=\"https:\/\/lanzarotehomescreations.com\/wp-content\/uploads\/2024\/04\/3-2-1024x536.png\" alt=\"\" class=\"wp-image-68\" srcset=\"https:\/\/lanzarotehomescreations.com\/wp-content\/uploads\/2024\/04\/3-2-1024x536.png 1024w, https:\/\/lanzarotehomescreations.com\/wp-content\/uploads\/2024\/04\/3-2-300x157.png 300w, https:\/\/lanzarotehomescreations.com\/wp-content\/uploads\/2024\/04\/3-2-768x402.png 768w, https:\/\/lanzarotehomescreations.com\/wp-content\/uploads\/2024\/04\/3-2.png 1200w\" sizes=\"auto, (max-width: 1024px) 100vw, 1024px\" \/><\/figure>\n<\/figure>\n\n\n\n<div class=\"wp-block-group alignfull has-ast-global-color-0-background-color has-background is-layout-constrained wp-container-core-group-is-layout-cfcca693 wp-block-group-is-layout-constrained\" id=\"contact\" style=\"padding-top:104px;padding-bottom:104px\">\n<h2 class=\"wp-block-heading has-text-align-center has-text-color\" style=\"color:#ffffff\">Cu\u00e9ntanos tu plan<\/h2>\n\n\n\n<div class=\"wp-block-buttons alignwide is-horizontal is-content-justification-center is-layout-flex wp-container-core-buttons-is-layout-bba8380a wp-block-buttons-is-layout-flex\" style=\"margin-top:50px\">\n<div class=\"wp-block-button is-style-outline is-style-outline--2\"><a class=\"wp-block-button__link wp-element-button\"><mark style=\"background-color:rgba(0, 0, 0, 0)\" class=\"has-inline-color has-ast-global-color-0-color\">Env\u00edamos tu email<\/mark><\/a><\/div>\n<\/div>\n<\/div>\n","protected":false},"excerpt":{"rendered":"<p>Nuestros servicios Reformas Plantemos tu presupuesto seg\u00fan tus necesidades y sin compromiso. Trabajamos con los profesionales m\u00e1s cualificados para encargarnos [&hellip;]<\/p>\n","protected":false},"author":2,"featured_media":41,"parent":0,"menu_order":0,"comment_status":"closed","ping_status":"closed","template":"","meta":{"site-sidebar-layout":"no-sidebar","site-content-layout":"plain-container","ast-site-content-layout":"","site-content-style":"default","site-sidebar-style":"default","ast-global-header-display":"","ast-banner-title-visibility":"","ast-main-header-display":"","ast-hfb-above-header-display":"","ast-hfb-below-header-display":"","ast-hfb-mobile-header-display":"","site-post-title":"disabled","ast-breadcrumbs-content":"","ast-featured-img":"disabled","footer-sml-layout":"","theme-transparent-header-meta":"enabled","adv-header-id-meta":"","stick-header-meta":"","header-above-stick-meta":"","header-main-stick-meta":"","header-below-stick-meta":"","astra-migrate-meta-layouts":"default","ast-page-background-enabled":"default","ast-page-background-meta":{"desktop":{"background-color":"var(--ast-global-color-4)","background-image":"","background-repeat":"repeat","background-position":"center center","background-size":"auto","background-attachment":"scroll","background-type":"","background-media":"","overlay-type":"","overlay-color":"","overlay-gradient":""},"tablet":{"background-color":"","background-image":"","background-repeat":"repeat","background-position":"center center","background-size":"auto","background-attachment":"scroll","background-type":"","background-media":"","overlay-type":"","overlay-color":"","overlay-gradient":""},"mobile":{"background-color":"","background-image":"","background-repeat":"repeat","background-position":"center center","background-size":"auto","background-attachment":"scroll","background-type":"","background-media":"","overlay-type":"","overlay-color":"","overlay-gradient":""}},"ast-content-background-meta":{"desktop":{"background-color":"var(--ast-global-color-5)","background-image":"","background-repeat":"repeat","background-position":"center center","background-size":"auto","background-attachment":"scroll","background-type":"","background-media":"","overlay-type":"","overlay-color":"","overlay-gradient":""},"tablet":{"background-color":"var(--ast-global-color-5)","background-image":"","background-repeat":"repeat","background-position":"center center","background-size":"auto","background-attachment":"scroll","background-type":"","background-media":"","overlay-type":"","overlay-color":"","overlay-gradient":""},"mobile":{"background-color":"var(--ast-global-color-5)","background-image":"","background-repeat":"repeat","background-position":"center center","background-size":"auto","background-attachment":"scroll","background-type":"","background-media":"","overlay-type":"","overlay-color":"","overlay-gradient":""}},"footnotes":""},"class_list":["post-18","page","type-page","status-publish","has-post-thumbnail","hentry"],"_links":{"self":[{"href":"https:\/\/lanzarotehomescreations.com\/index.php\/wp-json\/wp\/v2\/pages\/18","targetHints":{"allow":["GET"]}}],"collection":[{"href":"https:\/\/lanzarotehomescreations.com\/index.php\/wp-json\/wp\/v2\/pages"}],"about":[{"href":"https:\/\/lanzarotehomescreations.com\/index.php\/wp-json\/wp\/v2\/types\/page"}],"author":[{"embeddable":true,"href":"https:\/\/lanzarotehomescreations.com\/index.php\/wp-json\/wp\/v2\/users\/2"}],"replies":[{"embeddable":true,"href":"https:\/\/lanzarotehomescreations.com\/index.php\/wp-json\/wp\/v2\/comments?post=18"}],"version-history":[{"count":3,"href":"https:\/\/lanzarotehomescreations.com\/index.php\/wp-json\/wp\/v2\/pages\/18\/revisions"}],"predecessor-version":[{"id":71,"href":"https:\/\/lanzarotehomescreations.com\/index.php\/wp-json\/wp\/v2\/pages\/18\/revisions\/71"}],"wp:featuredmedia":[{"embeddable":true,"href":"https:\/\/lanzarotehomescreations.com\/index.php\/wp-json\/wp\/v2\/media\/41"}],"wp:attachment":[{"href":"https:\/\/lanzarotehomescreations.com\/index.php\/wp-json\/wp\/v2\/media?parent=18"}],"curies":[{"name":"wp","href":"https:\/\/api.w.org\/{rel}","templated":true}]}}